{"id":29,"date":"2026-02-19T17:02:51","date_gmt":"2026-02-19T16:02:51","guid":{"rendered":"http:\/\/www.vsulrich-goding.at\/?page_id=29"},"modified":"2026-02-19T17:07:33","modified_gmt":"2026-02-19T16:07:33","slug":"lehrerteam","status":"publish","type":"page","link":"https:\/\/www.vsulrich-goding.at\/?page_id=29","title":{"rendered":"Das Lehrerteam an unserer Schule"},"content":{"rendered":"\n<div class=\"wp-block-columns is-layout-flex wp-container-core-columns-is-layout-9d6595d7 wp-block-columns-is-layout-flex\">\n<div class=\"wp-block-column is-layout-flow wp-block-column-is-layout-flow\">\n<figure class=\"wp-block-image size-full\"><img loading=\"lazy\" decoding=\"async\" width=\"285\" height=\"419\" src=\"http:\/\/www.vsulrich-goding.at\/wp-content\/uploads\/2026\/02\/Kodritsch.png\" alt=\"\" class=\"wp-image-30\" srcset=\"https:\/\/www.vsulrich-goding.at\/wp-content\/uploads\/2026\/02\/Kodritsch.png 285w, https:\/\/www.vsulrich-goding.at\/wp-content\/uploads\/2026\/02\/Kodritsch-204x300.png 204w\" sizes=\"auto, (max-width: 285px) 100vw, 285px\" \/><\/figure>\n\n\n\n<p><strong>VOL Sigrid Kodritsch<\/strong><br>Schulleitung<\/p>\n\n\n\n<p class=\"has-text-align-center\">Liebe deinen N\u00e4chsten wie&nbsp;<br>dich selbst!<br>&#8222;Gesellschaft wird morgen<br>&nbsp;sein, was Schule heute ist.&#8220;<br>(J.H.Newmann)<\/p>\n<\/div>\n\n\n\n<div class=\"wp-block-column is-layout-flow wp-block-column-is-layout-flow\">\n<figure class=\"wp-block-image size-full\"><img loading=\"lazy\" decoding=\"async\" width=\"279\" height=\"419\" src=\"http:\/\/www.vsulrich-goding.at\/wp-content\/uploads\/2026\/02\/Strasser.png\" alt=\"\" class=\"wp-image-31\" srcset=\"https:\/\/www.vsulrich-goding.at\/wp-content\/uploads\/2026\/02\/Strasser.png 279w, https:\/\/www.vsulrich-goding.at\/wp-content\/uploads\/2026\/02\/Strasser-200x300.png 200w\" sizes=\"auto, (max-width: 279px) 100vw, 279px\" \/><\/figure>\n\n\n\n<p><strong>VOL Florentina Strasser<br><\/strong>Dipl. P\u00e4dagogin<br><\/p>\n\n\n\n<p class=\"has-text-align-center\">Wer Dankbarkeit empfindet,&nbsp;<br>lebt im Zustand des Gl\u00fccks,&nbsp;<br>der Freude und der Wonne,&nbsp;<br>ohne etwas daf\u00fcr tun zu m\u00fcssen.&nbsp;<\/p>\n<\/div>\n\n\n\n<div class=\"wp-block-column is-layout-flow wp-block-column-is-layout-flow\">\n<figure class=\"wp-block-image size-full\"><img loading=\"lazy\" decoding=\"async\" width=\"284\" height=\"419\" src=\"http:\/\/www.vsulrich-goding.at\/wp-content\/uploads\/2026\/02\/Grilz.png\" alt=\"\" class=\"wp-image-32\" srcset=\"https:\/\/www.vsulrich-goding.at\/wp-content\/uploads\/2026\/02\/Grilz.png 284w, https:\/\/www.vsulrich-goding.at\/wp-content\/uploads\/2026\/02\/Grilz-203x300.png 203w\" sizes=\"auto, (max-width: 284px) 100vw, 284px\" \/><\/figure>\n\n\n\n<p class=\"has-text-align-center\"><strong>Michaela Grilz, BEd<\/strong><br>Dipl. P\u00e4dagogin<br><br>&#8222;Wertsch\u00e4tzung&#8230;<br>Ist einer der wertvollsten\u00a0<br>Sch\u00e4tze &#8211; und dennoch<br>k\u00f6nnen wir ihn kostenlos<br>verteilen.&#8220;<br>(OUPS)<\/p>\n\n\n\n<p><\/p>\n<\/div>\n<\/div>\n","protected":false},"excerpt":{"rendered":"<p>VOL Sigrid KodritschSchulleitung Liebe deinen N\u00e4chsten wie&nbsp;dich selbst!&#8222;Gesellschaft wird morgen&nbsp;sein, was Schule heute ist.&#8220;(J.H.Newmann) VOL Florentina StrasserDipl. P\u00e4dagogin Wer Dankbarkeit[&#8230;]<\/p>\n","protected":false},"author":1,"featured_media":0,"parent":0,"menu_order":0,"comment_status":"closed","ping_status":"closed","template":"","meta":{"footnotes":""},"class_list":["post-29","page","type-page","status-publish","hentry"],"_links":{"self":[{"href":"https:\/\/www.vsulrich-goding.at\/index.php?rest_route=\/wp\/v2\/pages\/29","targetHints":{"allow":["GET"]}}],"collection":[{"href":"https:\/\/www.vsulrich-goding.at\/index.php?rest_route=\/wp\/v2\/pages"}],"about":[{"href":"https:\/\/www.vsulrich-goding.at\/index.php?rest_route=\/wp\/v2\/types\/page"}],"author":[{"embeddable":true,"href":"https:\/\/www.vsulrich-goding.at\/index.php?rest_route=\/wp\/v2\/users\/1"}],"replies":[{"embeddable":true,"href":"https:\/\/www.vsulrich-goding.at\/index.php?rest_route=%2Fwp%2Fv2%2Fcomments&post=29"}],"version-history":[{"count":4,"href":"https:\/\/www.vsulrich-goding.at\/index.php?rest_route=\/wp\/v2\/pages\/29\/revisions"}],"predecessor-version":[{"id":37,"href":"https:\/\/www.vsulrich-goding.at\/index.php?rest_route=\/wp\/v2\/pages\/29\/revisions\/37"}],"wp:attachment":[{"href":"https:\/\/www.vsulrich-goding.at\/index.php?rest_route=%2Fwp%2Fv2%2Fmedia&parent=29"}],"curies":[{"name":"wp","href":"https:\/\/api.w.org\/{rel}","templated":true}]}}